{"id":980,"date":"2019-01-29T11:59:52","date_gmt":"2019-01-29T11:59:52","guid":{"rendered":"http:\/\/communio.pl\/?page_id=980"},"modified":"2019-01-29T11:59:52","modified_gmt":"2019-01-29T11:59:52","slug":"w-najnowszym-numerze-kolekcji-communio","status":"publish","type":"page","link":"https:\/\/communio.pl\/?page_id=980","title":{"rendered":"W ostatnim numerze Kolekcji Communio:"},"content":{"rendered":"\n<h2>(Nr 16) <\/h2>\n\n\n\n<h2>Osoba we wsp\u00f3lnocie. Ko\u015bci\u00f3\u0142 Chrystusowy.<\/h2>\n\n\n\n<ul><li>\u201eBezdomno\u015b\u0107\u201d a wsp\u00f3\u0142czesne warunki \u017cycia. Rodzina, spo\u0142eczno\u015b\u0107 i \u015bwiatowa ekonomia [David L. Schindler]<\/li><li>\u201eCz\u0142owiek drog\u0105 Ko\u015bcio\u0142a\u201d [Marian Kowalczyk SAC]<\/li><li>\u201eNigdy nie byli\u015bmy kalwinistami, ale czy jeste\u015bmy chrze\u015bcijanami?\u201d \u2013 przyk\u0142ad Hiszpanii [Carlos Diaz]<\/li><li>Communio w Eucharystii \u2013 rezygnacja z indywidualizmu wiary [Marek Tatar]<\/li><li>Sensus fidelium: \u015bwiadectwo podtrzymywane przez wsp\u00f3lnot\u0119 [Leo Scheffczyk]<\/li><li>By\u0107 aktualnie chrze\u015bcijaninem [Alfonso Perez de Laborda]<\/li><li>Chrze\u015bcijanin we wsp\u00f3lnocie Ko\u015bcio\u0142a wed\u0142ug Soboru Watyka\u0144skiego II [Grzegorz Kucza]<\/li><li>Dialog jako wzorzec komunikacji eklezjalnej [Herman G. Pottmeyer]<\/li><li>Dlaczego wierni \u015bwieccy nie s\u0105 szafarzami? [Robert A. Connor]<\/li><li>Dobro osoby ludzkiej a w\u0142asno\u015b\u0107 wsp\u00f3lna [Pawe\u0142 G\u00f3ralczyk SAC]<\/li><li>Komunia eklezjalna a diakonia [Jose Eduardo Borges de Pinho]<\/li><li>Ko\u015bci\u00f3\u0142 jako osoba [Stephan Ackermann]<\/li><li>Kto jest osob\u0105? [Jesus Silva]<\/li><li>Maryja we wsp\u00f3lnocie Ko\u015bcio\u0142a. Mariologiczna my\u015bl Prymasa Stefana Wyszy\u0144skiego: od idei Wszechpo\u015bredniczki \u0142ask do Matki Ko\u015bcio\u0142a [Jolanta Ewartowska]<\/li><li>Na pocz\u0105tku \u015bwiata i historii. Komentarz do Tryptyku rzymskiego Jana Paw\u0142a II [Javier Garcia]<\/li><li>Osoba i kultura u Jana Paw\u0142a II [Jose Ramon Velasco]<\/li><li>Poj\u0119cie jednostki \u2013 indywiduum [Antonio Perdo Mesquita]<\/li><li>Powo\u0142anie ludzkiej osoby i jej droga do \u015bwi\u0119to\u015bci [Antonio Maria Sicari]<\/li><li>Teologiczna osoba w eucharystycznym istnieniu. Dialog z propozycjami trynitarnej antropologii Hansa Ursa von Balthasara [Ks. Stanis\u0142aw Mycek]<\/li><li>Teologiczny rodow\u00f3d poj\u0119cia \u201eosoba\u201d [Henrique de Noronha Galvao]<\/li><li>To\u017csamo\u015b\u0107 i przynale\u017cno\u015b\u0107 [Ks. Andrzej Perzy\u0144ski]<\/li><li>Trzej ludzie \u015bw. Tomasza: cz\u0142owiek naturalny w r\u0119kach cz\u0142owieka osoby [Antonio Izquierdo]<\/li><li>Tw\u00f3rcze napi\u0119cia mi\u0119dzy osob\u0105 i spo\u0142eczno\u015bci\u0105 [Jolanta Ewartowska]<\/li><li>Wolno\u015b\u0107 od fa\u0142szywego \u015bwiadectwa jako warunek autentycznego \u017cycia we wsp\u00f3lnocie [Dariusz Adamczyk]<\/li><\/ul>\n","protected":false},"excerpt":{"rendered":"<p>(Nr 16) Osoba we wsp\u00f3lnocie. Ko\u015bci\u00f3\u0142 Chrystusowy. \u201eBezdomno\u015b\u0107\u201d a wsp\u00f3\u0142czesne warunki \u017cycia. Rodzina, spo\u0142eczno\u015b\u0107 i \u015bwiatowa ekonomia [David L. Schindler] \u201eCz\u0142owiek drog\u0105 Ko\u015bcio\u0142a\u201d [Marian Kowalczyk SAC] \u201eNigdy nie byli\u015bmy kalwinistami, ale czy jeste\u015bmy chrze\u015bcijanami?\u201d \u2013 przyk\u0142ad Hiszpanii [Carlos Diaz] Communio w Eucharystii \u2013 rezygnacja z indywidualizmu wiary [Marek Tatar] Sensus fidelium: \u015bwiadectwo podtrzymywane przez wsp\u00f3lnot\u0119 &hellip; <a href=\"https:\/\/communio.pl\/?page_id=980\" class=\"more-link\">Czytaj dalej<span class=\"screen-reader-text\"> W ostatnim numerze Kolekcji Communio:<\/span><\/a><\/p>\n","protected":false},"author":1,"featured_media":0,"parent":0,"menu_order":0,"comment_status":"closed","ping_status":"closed","template":"","meta":[],"_links":{"self":[{"href":"https:\/\/communio.pl\/index.php?rest_route=\/wp\/v2\/pages\/980"}],"collection":[{"href":"https:\/\/communio.pl\/index.php?rest_route=\/wp\/v2\/pages"}],"about":[{"href":"https:\/\/communio.pl\/index.php?rest_route=\/wp\/v2\/types\/page"}],"author":[{"embeddable":true,"href":"https:\/\/communio.pl\/index.php?rest_route=\/wp\/v2\/users\/1"}],"replies":[{"embeddable":true,"href":"https:\/\/communio.pl\/index.php?rest_route=%2Fwp%2Fv2%2Fcomments&post=980"}],"version-history":[{"count":0,"href":"https:\/\/communio.pl\/index.php?rest_route=\/wp\/v2\/pages\/980\/revisions"}],"wp:attachment":[{"href":"https:\/\/communio.pl\/index.php?rest_route=%2Fwp%2Fv2%2Fmedia&parent=980"}],"curies":[{"name":"wp","href":"https:\/\/api.w.org\/{rel}","templated":true}]}}