{"id":913,"date":"2019-01-29T11:17:01","date_gmt":"2019-01-29T11:17:01","guid":{"rendered":"http:\/\/communio.pl\/?page_id=913"},"modified":"2019-01-29T11:17:01","modified_gmt":"2019-01-29T11:17:01","slug":"numery-kolekcji-communio","status":"publish","type":"page","link":"https:\/\/communio.pl\/?page_id=913","title":{"rendered":"Numery Kolekcji Communio"},"content":{"rendered":"\n<ul><li>Nr 18 &#8211; M\u0142odzie\u017c nadziej\u0105 Ko\u015bcio\u0142a i \u015bwiata<\/li><li>Nr 17 &#8211; Dramatyczne pytania naszego wieku<\/li><li><a href=\"https:\/\/communio.pl\/?p=974\">Nr 16<\/a> &#8211; Osoba we wsp\u00f3lnocie. Ko\u015bci\u00f3\u0142 Chrystusowy   <\/li><li><a href=\"https:\/\/communio.pl\/?p=969\">Nr 15<\/a> &#8211; B\u00f3g bogaty w mi\u0142osierdzie   <\/li><li><a href=\"https:\/\/communio.pl\/?p=965\">Nr 14<\/a> &#8211; M\u0119czennicy XX wieku   <\/li><li><a href=\"https:\/\/communio.pl\/?p=961\">Nr 13<\/a> &#8211; Tajemnica Tr\u00f3jcy \u015awi\u0119tej   <\/li><li><a href=\"https:\/\/communio.pl\/?p=957\">Nr 12<\/a> &#8211; Duch Odnowiciel   <\/li><li><a href=\"https:\/\/communio.pl\/?p=953\">Nr 11<\/a> &#8211; Tajemnica Odkupienia   <\/li><li><a href=\"https:\/\/communio.pl\/?p=949\">Nr 10<\/a> &#8211; Duchowo\u015b\u0107 chrze\u015bcija\u0144ska   <\/li><li><a href=\"https:\/\/communio.pl\/?p=945\">Nr 9<\/a> &#8211; Nar\u00f3d, wolno\u015b\u0107 &#8211; liberalizm   <\/li><li><a href=\"https:\/\/communio.pl\/?p=941\">Nr 8<\/a> &#8211; Nowa ewangelizacja   <\/li><li><a href=\"https:\/\/communio.pl\/?p=938\">Nr 7<\/a> &#8211; Z\u0142o w \u015bwiecie   <\/li><li><a href=\"https:\/\/communio.pl\/?p=935\">Nr 6<\/a> &#8211; Podstawy wiary &#8211; Teologia   <\/li><li><a href=\"https:\/\/communio.pl\/?p=931\">Nr 5<\/a> &#8211; Ko\u015bci\u00f3\u0142 &#8211; Ekumenizm &#8211; Polityka   <\/li><li><a href=\"https:\/\/communio.pl\/?p=928\">Nr 4<\/a> &#8211; Kosmos i cz\u0142owiek   <\/li><li><a href=\"https:\/\/communio.pl\/?p=925\">Nr 3<\/a> &#8211; Kap\u0142a\u0144stwo   <\/li><li><a href=\"https:\/\/communio.pl\/?p=921\">Nr 2<\/a> &#8211; Moralno\u015b\u0107 chrze\u015bcija\u0144ska   <\/li><li><a href=\"https:\/\/communio.pl\/?p=914\">Nr 1<\/a> &#8211; Eucharystia  <\/li><\/ul>\n","protected":false},"excerpt":{"rendered":"<p>Nr 18 &#8211; M\u0142odzie\u017c nadziej\u0105 Ko\u015bcio\u0142a i \u015bwiata Nr 17 &#8211; Dramatyczne pytania naszego wieku Nr 16 &#8211; Osoba we wsp\u00f3lnocie. Ko\u015bci\u00f3\u0142 Chrystusowy Nr 15 &#8211; B\u00f3g bogaty w mi\u0142osierdzie Nr 14 &#8211; M\u0119czennicy XX wieku Nr 13 &#8211; Tajemnica Tr\u00f3jcy \u015awi\u0119tej Nr 12 &#8211; Duch Odnowiciel Nr 11 &#8211; Tajemnica Odkupienia Nr 10 &#8211; &hellip; <a href=\"https:\/\/communio.pl\/?page_id=913\" class=\"more-link\">Czytaj dalej<span class=\"screen-reader-text\"> Numery Kolekcji Communio<\/span><\/a><\/p>\n","protected":false},"author":1,"featured_media":0,"parent":0,"menu_order":0,"comment_status":"closed","ping_status":"closed","template":"","meta":[],"_links":{"self":[{"href":"https:\/\/communio.pl\/index.php?rest_route=\/wp\/v2\/pages\/913"}],"collection":[{"href":"https:\/\/communio.pl\/index.php?rest_route=\/wp\/v2\/pages"}],"about":[{"href":"https:\/\/communio.pl\/index.php?rest_route=\/wp\/v2\/types\/page"}],"author":[{"embeddable":true,"href":"https:\/\/communio.pl\/index.php?rest_route=\/wp\/v2\/users\/1"}],"replies":[{"embeddable":true,"href":"https:\/\/communio.pl\/index.php?rest_route=%2Fwp%2Fv2%2Fcomments&post=913"}],"version-history":[{"count":0,"href":"https:\/\/communio.pl\/index.php?rest_route=\/wp\/v2\/pages\/913\/revisions"}],"wp:attachment":[{"href":"https:\/\/communio.pl\/index.php?rest_route=%2Fwp%2Fv2%2Fmedia&parent=913"}],"curies":[{"name":"wp","href":"https:\/\/api.w.org\/{rel}","templated":true}]}}