{"id":205,"date":"2019-01-22T14:18:04","date_gmt":"2019-01-22T14:18:04","guid":{"rendered":"http:\/\/communio.pl\/?page_id=205"},"modified":"2026-05-12T18:52:09","modified_gmt":"2026-05-12T18:52:09","slug":"lista-numerow-communio","status":"publish","type":"page","link":"https:\/\/communio.pl\/?page_id=205","title":{"rendered":"Numery Communio"},"content":{"rendered":"\n<ul>\n<li><a href=\"https:\/\/communio.pl\/?p=2180\">Nr 232 &#8211; 45(2025)4 &#8211; SYN BO\u017bY? \u2013 1700 LAT SOBORU W NICEI<\/a><\/li>\n\n\n\n<li><a href=\"https:\/\/communio.pl\/?p=2175\">Nr 231 &#8211; 45(2025)3 &#8211; 800 LAT TOMASZA Z AKWINU<\/a><\/li>\n\n\n\n<li><a href=\"https:\/\/communio.pl\/?p=2110\">Nr 230 &#8211; 45(2025)2 &#8211; AUTORYTET<\/a><\/li>\n\n\n\n<li><a href=\"https:\/\/communio.pl\/?p=2106\">Nr 229 &#8211; 45(2025)1 &#8211; SAKRAMENT BIERZMOWANIA<\/a><\/li>\n\n\n\n<li><a href=\"https:\/\/communio.pl\/?p=2099\">Nr 228 &#8211; 44(2024)4 &#8211; PARADOKSY WIARY<\/a><\/li>\n\n\n\n<li><a href=\"https:\/\/communio.pl\/?p=2094\">Nr 227 &#8211; 44(2024)3 &#8211; T\u0118SKNOTA<\/a><\/li>\n\n\n\n<li><a href=\"https:\/\/communio.pl\/?p=2091\">Nr 226 &#8211; 44(2024)2 &#8211; \u015aMIECH<\/a><\/li>\n\n\n\n<li><a href=\"https:\/\/communio.pl\/?p=2068\">Nr 225 &#8211; 44(2024)1 &#8211; Chrzest sakramentem wyzwolenia<\/a><\/li>\n\n\n\n<li><a href=\"https:\/\/communio.pl\/?p=2023\">Nr 224<\/a> &#8211; 43(2023)4 &#8211; Strach<\/li>\n\n\n\n<li><a href=\"https:\/\/communio.pl\/?p=2020\">Nr 223<\/a> &#8211; 43(2023)3 &#8211; Ko\u015bci\u00f3\u0142 i Wolno\u015b\u0107<\/li>\n\n\n\n<li><a href=\"https:\/\/communio.pl\/?p=1947\">Nr 222<\/a> &#8211; 43(2023)2 -Benedykt XVI &#8211; mocarz wiary<\/li>\n\n\n\n<li><a href=\"https:\/\/communio.pl\/?p=1944\">Nr 221<\/a> &#8211; 43(2023)1 &#8211; Duch jedno\u015bci<\/li>\n\n\n\n<li><a href=\"https:\/\/communio.pl\/?p=1898\">Nr 219<\/a>\/220 &#8211; 42(2022)3 &#8211; Ko\u015bci\u00f3\u0142 i cyfryzacja<\/li>\n\n\n\n<li><a href=\"https:\/\/communio.pl\/?p=1866\">Nr 218<\/a> &#8211; 42(2022)2 &#8211; Synodalno\u015b\u0107<\/li>\n\n\n\n<li><a href=\"https:\/\/communio.pl\/?p=1820\">Nr 217<\/a> &#8211; 42(2022)1 &#8211; Jezus figur\u0105 Ojca<\/li>\n\n\n\n<li><a href=\"https:\/\/communio.pl\/?p=1784\">Nr 216<\/a> &#8211; 41(2021)4 &#8211; Chrze\u015bcija\u0144stwo bez wiary<\/li>\n\n\n\n<li><a href=\"https:\/\/communio.pl\/?p=1687\">Nr 215<\/a> &#8211; 41(2021)3 &#8211; Po\u015brednictwo<\/li>\n\n\n\n<li><a href=\"https:\/\/communio.pl\/?p=1684\">Nr 214<\/a> &#8211; 41(2021)2 &#8211; \u0141zy<\/li>\n\n\n\n<li><a href=\"https:\/\/communio.pl\/?p=1681\">Nr 213<\/a> &#8211; 41(2021)1 &#8211; Pytania od Boga <\/li>\n\n\n\n<li><a href=\"https:\/\/communio.pl\/?p=1470\">Nr 212<\/a> &#8211; 40(2020)4 &#8211; Teatr &#8211; Scena &#8211; Chrze\u015bcija\u0144stwo<\/li>\n\n\n\n<li><a href=\"https:\/\/communio.pl\/?p=1466\">Nr 211<\/a> &#8211; 40(2020)3 &#8211; Natura w teologii<\/li>\n\n\n\n<li><a href=\"https:\/\/communio.pl\/?p=1458\">Nr 210<\/a> &#8211; 40(2020)2 &#8211; To\u017csamo\u015b\u0107 kap\u0142a\u0144ska<\/li>\n\n\n\n<li><a href=\"https:\/\/communio.pl\/?p=1287\">Nr 209<\/a> &#8211;  40(2020)1 &#8211; Zbaw nas od z\u0142ego<\/li>\n\n\n\n<li><a href=\"https:\/\/communio.pl\/?p=1284\">Nr 208<\/a> &#8211;  39(2019)4 &#8211; Chiliazm <\/li>\n\n\n\n<li><a href=\"https:\/\/communio.pl\/?p=1281\">Nr 207 <\/a>&#8211; 39(2019)3 &#8211; Fenomen rado\u015bci<\/li>\n\n\n\n<li><a href=\"https:\/\/communio.pl\/?p=1278\">Nr 206<\/a> &#8211;  39(2019)2 &#8211; Ekologia Integralna<\/li>\n\n\n\n<li><a href=\"https:\/\/communio.pl\/?p=1273\">Nr 205<\/a> &#8211; 39(2019)1 &#8211; Pokusa<\/li>\n\n\n\n<li>Nr 203\/204 38(2018)3-4- Kryzys eschatologii <\/li>\n\n\n\n<li>Nr 202 &#8211; 38(2018)2 &#8211; Odnowa Ko\u015bcio\u0142a <\/li>\n\n\n\n<li><a href=\"https:\/\/communio.pl\/?p=1253\">Nr 201<\/a> &#8211; 38(2018)1 &#8211; Wina i przebaczenie <\/li>\n\n\n\n<li>Nr 200 &#8211; Joseph Ratzinger &#8211; W 90 rocznic\u0119 urodzin  <\/li>\n\n\n\n<li>Nr 198\/199 &#8211; Luter i Reformacja <\/li>\n\n\n\n<li>Nr 197 &#8211; Chleba naszego powszedniego <\/li>\n\n\n\n<li>Nr 196 &#8211; Religie a przemoc<\/li>\n\n\n\n<li>Nr 195 &#8211; To\u017csamo\u015b\u0107 chrze\u015bcija\u0144ska<\/li>\n\n\n\n<li>Nr 193\/194 &#8211; Jako w niebie, tak i na ziemi<\/li>\n\n\n\n<li>Nr 191\/192 &#8211; Biedni i oblicza mi\u0142osierdzia<\/li>\n\n\n\n<li>Nr 190 &#8211; Ko\u015bci\u00f3\u0142 i ko\u015bcio\u0142y<\/li>\n\n\n\n<li>Nr 189 &#8211; Ojcze nasz w niebie<\/li>\n\n\n\n<li>Nr 188 &#8211; Post i zdrowie<\/li>\n\n\n\n<li>Nr 187 &#8211; Chrystus czy Koran<\/li>\n\n\n\n<li>Nr 186 &#8211; Afirmacja wiary<\/li>\n\n\n\n<li>Nr 185 &#8211; Apologia wiary<\/li>\n\n\n\n<li>Nr 184 &#8211; \u015awi\u0119to\u015b\u0107 i misja Ko\u015bcio\u0142a<\/li>\n\n\n\n<li>Nr 183 &#8211; Powr\u00f3t Chrystusa<\/li>\n\n\n\n<li><a href=\"https:\/\/communio.pl\/?p=105\">Nr 182<\/a> &#8211; Idea Uniwersytetu   <\/li>\n\n\n\n<li>Nr 181 &#8211; Rodzina chrze\u015bcija\u0144ska<\/li>\n\n\n\n<li>Nr 180 &#8211; \u015awiadectwo   <\/li>\n\n\n\n<li>Nr 179 &#8211; Umieranie<\/li>\n\n\n\n<li>Nr 178 &#8211; Apostolsko\u015b\u0107 Ko\u015bcio\u0142a  <\/li>\n\n\n\n<li>Nr 177 \u2013 Wniebowst\u0105pienie i Pi\u0119\u0107dziesi\u0105tnica   <\/li>\n\n\n\n<li>Nr 176 \u2013 Wierz\u0119 w Ko\u015bci\u00f3\u0142 <\/li>\n\n\n\n<li>Nr 175 \u2013 Misterium Izraela  <\/li>\n\n\n\n<li>Nr 174 \u2013 Misterium paschalne    <\/li>\n\n\n\n<li>Nr 173 \u2013 Prawo naturalne   <\/li>\n\n\n\n<li>Nr 171\u2013172 \u2013 Ksi\u0105dz Lucjan Balter kap\u0142an i teolog   <\/li>\n\n\n\n<li>Nr 170 \u2013 Ojcostwo   <\/li>\n\n\n\n<li>Nr 169 \u2013 Wjazd Jezusa do Jerozolimy   <\/li>\n\n\n\n<li><a href=\"https:\/\/communio.pl\/?p=905\">Nr 168<\/a> \u2013 Noc   <\/li>\n\n\n\n<li><a href=\"https:\/\/communio.pl\/?p=896\">Nr 167<\/a> &#8211; Fantazja<\/li>\n\n\n\n<li><a href=\"https:\/\/communio.pl\/?p=892\">Nr 166<\/a> &#8211; Wolno\u015b\u0107 i odpowiedzialno\u015b\u0107   <\/li>\n\n\n\n<li><a href=\"https:\/\/communio.pl\/?p=878\">Nr 165<\/a> \u2013 Nauczanie Jezusa <\/li>\n\n\n\n<li><a href=\"https:\/\/communio.pl\/?p=882\">Nr 164<\/a> &#8211; Pi\u0119kno<\/li>\n\n\n\n<li><a href=\"https:\/\/communio.pl\/?p=886\">Nr 163<\/a> &#8211; Religia a polityka<\/li>\n\n\n\n<li>Nr 162 &#8211; Niepok\u00f3j<\/li>\n\n\n\n<li>Nr 161 &#8211; Tajemnica Przemienienia  <\/li>\n\n\n\n<li><a href=\"https:\/\/communio.pl\/?p=874\">Nr 160<\/a> &#8211; Wierno\u015b\u0107   <\/li>\n\n\n\n<li><a href=\"https:\/\/communio.pl\/?p=870\">Nr 159<\/a> &#8211; Laicko\u015b\u0107 wychowania?   <\/li>\n\n\n\n<li><a href=\"https:\/\/communio.pl\/?p=867\">Nr 158<\/a> &#8211; P\u0142ciowo\u015b\u0107<\/li>\n\n\n\n<li>Nr 157 &#8211; Gody w Kanie   <\/li>\n\n\n\n<li><a href=\"https:\/\/communio.pl\/?p=860\">Nr 156<\/a> &#8211; W obliczu \u015bmierci   <\/li>\n\n\n\n<li><a href=\"https:\/\/communio.pl\/?p=854\">Nr 155<\/a> &#8211; Miasto &#8211; jako wyzwanie dla chrze\u015bcijanina   <\/li>\n\n\n\n<li><a href=\"https:\/\/communio.pl\/?p=850\">Nr 154<\/a> &#8211; Sport   <\/li>\n\n\n\n<li><a href=\"https:\/\/communio.pl\/?p=846\">Nr 153<\/a> &#8211; Teologia a kultura   <\/li>\n\n\n\n<li><a href=\"https:\/\/communio.pl\/?p=842\">Nr 152<\/a> &#8211; B\u00f3g jest Mi\u0142o\u015bci\u0105   <\/li>\n\n\n\n<li><a href=\"https:\/\/communio.pl\/?p=838\">Nr 151<\/a> &#8211; Chrzest i kuszenie Jezusa   <\/li>\n<\/ul>\n\n\n\n<!--nextpage-->\n\n\n\n<ul>\n<li><a href=\"https:\/\/communio.pl\/?p=834\">Nr 150<\/a> &#8211; \u015awiat   <\/li>\n\n\n\n<li><a href=\"https:\/\/communio.pl\/?p=831\">Nr 149<\/a> &#8211; P\u00f3jd\u017a za mn\u0105   <\/li>\n\n\n\n<li><a href=\"https:\/\/communio.pl\/?p=827\">Nr 148<\/a> &#8211; Zjednoczona Europa a chrze\u015bcija\u0144stwo   <\/li>\n\n\n\n<li><a href=\"https:\/\/communio.pl\/?p=813\">Nr 147<\/a> &#8211; Gdzie mieszkasz? ( 2 artyku\u0142y ) <\/li>\n\n\n\n<li><a href=\"https:\/\/communio.pl\/?p=809\">Nr 146<\/a> &#8211; Sakrament pokuty   <\/li>\n\n\n\n<li><a href=\"https:\/\/communio.pl\/?p=805\">Nr 145<\/a> &#8211; Ukryte \u017cycie Jezusa   <\/li>\n\n\n\n<li><a href=\"https:\/\/communio.pl\/?p=798\">Nr 144<\/a> &#8211; Rado\u015b\u0107 \u017cycia   <\/li>\n\n\n\n<li><a href=\"https:\/\/communio.pl\/?p=794\">Nr 143<\/a> &#8211; Modlitwa r\u00f3\u017ca\u0144cowa   <\/li>\n\n\n\n<li><a href=\"https:\/\/communio.pl\/?p=790\">Nr 142<\/a> &#8211; Bioetyka   <\/li>\n\n\n\n<li><a href=\"https:\/\/communio.pl\/?p=787\">Nr 141<\/a> &#8211; By\u0107 chrze\u015bcijaninem dzisiaj   <\/li>\n\n\n\n<li><a href=\"https:\/\/communio.pl\/?p=783\">Nr 140<\/a> &#8211; Czy B\u00f3g cierpi?   <\/li>\n\n\n\n<li><a href=\"https:\/\/communio.pl\/?p=775\">Nr 139<\/a> &#8211; Tajemnica wcielenia   <\/li>\n\n\n\n<li><a href=\"https:\/\/communio.pl\/?p=770\">Nr 138<\/a> &#8211; Walka kultur &#8211; walka religii?   <\/li>\n\n\n\n<li><a href=\"https:\/\/communio.pl\/?p=767\">Nr 137<\/a> &#8211; Nie l\u0119kajcie si\u0119!   <\/li>\n\n\n\n<li><a href=\"https:\/\/communio.pl\/?p=764\">Nr 136<\/a> &#8211; Wsp\u00f3lnota chrze\u015bcija\u0144ska   <\/li>\n\n\n\n<li><a href=\"https:\/\/communio.pl\/?p=760\">Nr 135<\/a> &#8211; Ko\u015bci\u00f3\u0142 &#8211; Pa\u0144stwo   <\/li>\n\n\n\n<li><a href=\"https:\/\/communio.pl\/?p=756\">Nr 134<\/a> &#8211; \u015awi\u0119to\u015b\u0107   <\/li>\n\n\n\n<li><a href=\"https:\/\/communio.pl\/?p=752\">Nr 133<\/a> &#8211; Tajemnice \u017cycia Jezusa   <\/li>\n\n\n\n<li><a href=\"https:\/\/communio.pl\/?p=748\">Nr 132<\/a> &#8211; Opatrzno\u015b\u0107   <\/li>\n\n\n\n<li><a href=\"https:\/\/communio.pl\/?p=744\">Nr 131<\/a> &#8211; Przekaz wiary   <\/li>\n\n\n\n<li><a href=\"https:\/\/communio.pl\/?p=740\">Nr 130<\/a> &#8211; Fundamentalizm   <\/li>\n\n\n\n<li><a href=\"https:\/\/communio.pl\/?p=736\">Nr 129<\/a> &#8211; Pami\u0119\u0107 i pojednanie   <\/li>\n\n\n\n<li><a href=\"https:\/\/communio.pl\/?p=732\">Nr 128<\/a> &#8211; Stworzenie czy natura?   <\/li>\n\n\n\n<li><a href=\"https:\/\/communio.pl\/?p=728\">Nr 127<\/a> &#8211; Dominus Iesus   <\/li>\n\n\n\n<li><a href=\"https:\/\/communio.pl\/?p=724\">Nr 126<\/a> &#8211; Czas   <\/li>\n\n\n\n<li><a href=\"https:\/\/communio.pl\/?p=716\">Nr 125<\/a> &#8211; S\u0142owo Bo\u017ce   <\/li>\n\n\n\n<li><a href=\"https:\/\/communio.pl\/?p=708\">Nr 124<\/a> &#8211; Globalizacja   <\/li>\n\n\n\n<li><a href=\"https:\/\/communio.pl\/?p=704\">Nr 123<\/a> &#8211; Kardyna\u0142 Stefan Wyszy\u0144ski   <\/li>\n\n\n\n<li><a href=\"https:\/\/communio.pl\/?p=701\">Nr 122<\/a> &#8211; Muzyka ko\u015bcielna   <\/li>\n\n\n\n<li><a href=\"https:\/\/communio.pl\/?p=697\">Nr 121<\/a> &#8211; Nie po\u017c\u0105daj   <\/li>\n\n\n\n<li><a href=\"https:\/\/communio.pl\/?p=688\">Nr 120<\/a> &#8211; Bo\u017ca Rodzicielka Maryja   <\/li>\n\n\n\n<li><a href=\"https:\/\/communio.pl\/?p=684\">Nr 119<\/a> &#8211; Sprawiedliwo\u015b\u0107   <\/li>\n\n\n\n<li><a href=\"https:\/\/communio.pl\/?p=680\">Nr 118<\/a> &#8211; Czasy ostateczne   <\/li>\n\n\n\n<li><a href=\"https:\/\/communio.pl\/?p=676\">Nr 117<\/a> &#8211; \u017by\u0107 razem z obcym   <\/li>\n\n\n\n<li><a href=\"https:\/\/communio.pl\/?p=672\">Nr 116<\/a> &#8211; Tr\u00f3jca \u015awi\u0119ta a Eucharystia   <\/li>\n\n\n\n<li><a href=\"https:\/\/communio.pl\/?p=667\">Nr 115<\/a> &#8211; Nie m\u00f3w fa\u0142szywego \u015bwiadectwa   <\/li>\n\n\n\n<li><a href=\"https:\/\/communio.pl\/?p=660\">Nr 114<\/a> &#8211; Znaki czasu   <\/li>\n\n\n\n<li><a href=\"https:\/\/communio.pl\/?p=656\">Nr 113<\/a> &#8211; M\u0119stwo   <\/li>\n\n\n\n<li><a href=\"https:\/\/communio.pl\/?p=651\">Nr 112<\/a> &#8211; Aktualno\u015b\u0107 kultury klasycznej   <\/li>\n\n\n\n<li><a href=\"https:\/\/communio.pl\/?p=647\">Nr 111<\/a> &#8211; Rozum i wiara   <\/li>\n\n\n\n<li><a href=\"https:\/\/communio.pl\/?p=643\">Nr 110<\/a> &#8211; Tajemnica Ojca   <\/li>\n\n\n\n<li><a href=\"https:\/\/communio.pl\/?p=639\">Nr 109<\/a> &#8211; Nie kradnij   <\/li>\n\n\n\n<li><a href=\"https:\/\/communio.pl\/?p=633\">Nr 108<\/a> &#8211; Sens pracy   <\/li>\n\n\n\n<li><a href=\"https:\/\/communio.pl\/?p=597\">Nr 107<\/a> &#8211; Roztropno\u015b\u0107   <\/li>\n\n\n\n<li><a href=\"https:\/\/communio.pl\/?p=592\">Nr 106<\/a> &#8211; Gnoza   <\/li>\n\n\n\n<li><a href=\"https:\/\/communio.pl\/?p=587\">Nr 105<\/a> &#8211; Choroba   <\/li>\n\n\n\n<li><a href=\"https:\/\/communio.pl\/?p=573\">Nr 104<\/a> &#8211; Duch U\u015bwi\u0119ciciel   <\/li>\n\n\n\n<li><a href=\"https:\/\/communio.pl\/?p=566\">Nr 103<\/a> &#8211; Nie cudzo\u0142\u00f3\u017c   <\/li>\n\n\n\n<li><a href=\"https:\/\/communio.pl\/?p=563\">Nr 102<\/a> &#8211; Ekonomia   <\/li>\n\n\n\n<li><a href=\"https:\/\/communio.pl\/?p=560\">Nr 101<\/a> &#8211; Dar nadziei <\/li>\n<\/ul>\n\n\n\n<!--nextpage-->\n\n\n\n<ul>\n<li><a href=\"https:\/\/communio.pl\/?p=556\">Nr 100<\/a> &#8211; Pielgrzymowanie   <\/li>\n\n\n\n<li><a href=\"https:\/\/communio.pl\/?p=553\">Nr 99<\/a> &#8211; Pos\u0142ugiwania ko\u015bcielne   <\/li>\n\n\n\n<li><a href=\"https:\/\/communio.pl\/?p=550\">Nr 98<\/a> &#8211; Chrystus Zbawiciel   <\/li>\n\n\n\n<li><a href=\"https:\/\/communio.pl\/?p=547\">Nr 97<\/a> &#8211; Nie zabijaj   <\/li>\n\n\n\n<li><a href=\"https:\/\/communio.pl\/?p=544\">Nr 96<\/a> &#8211; Chrze\u015bcija\u0144skie dziedzictwo artystyczne   <\/li>\n\n\n\n<li><a href=\"https:\/\/communio.pl\/?p=537\">Nr 95<\/a> &#8211; Do\u015bwiadczenie Chrze\u015bcija\u0144skie   <\/li>\n\n\n\n<li><a href=\"https:\/\/communio.pl\/?p=534\">Nr 94<\/a> &#8211; Konflikty-Wa\u015bnie-Wojna   <\/li>\n\n\n\n<li><a href=\"https:\/\/communio.pl\/?p=523\">Nr 93<\/a> &#8211; M\u0142odzie\u017c a sens \u017cycia   <\/li>\n\n\n\n<li><a href=\"https:\/\/communio.pl\/?p=520\">Nr 92<\/a> &#8211; Autonomia polityczna a chrze\u015bcija\u0144stwo   <\/li>\n\n\n\n<li><a href=\"https:\/\/communio.pl\/?p=517\">Nr 91<\/a> &#8211; Czcij ojca i matk\u0119   <\/li>\n\n\n\n<li><a href=\"https:\/\/communio.pl\/?p=514\">Nr 90<\/a> &#8211; Mass-media   <\/li>\n\n\n\n<li><a href=\"https:\/\/communio.pl\/?p=511\">Nr 89<\/a> &#8211; Mi\u0142o\u015b\u0107   <\/li>\n\n\n\n<li><a href=\"https:\/\/communio.pl\/?p=507\">Nr 88<\/a> &#8211; Judaizm   <\/li>\n\n\n\n<li><a href=\"https:\/\/communio.pl\/?p=494\">Nr 87<\/a> &#8211; Dzie\u0144 \u015bwi\u0119ty   ( 1 artyku\u0142 )<\/li>\n\n\n\n<li><a href=\"https:\/\/communio.pl\/?p=491\">Nr 86<\/a> &#8211; Pismo \u015bwi\u0119te w \u017cyciu Ko\u015bcio\u0142a   <\/li>\n\n\n\n<li><a href=\"https:\/\/communio.pl\/?p=488\">Nr 85<\/a> &#8211; Ba\u0142wochwalstwo   <\/li>\n\n\n\n<li><a href=\"https:\/\/communio.pl\/?p=485\">Nr 84<\/a> &#8211; Postmodernizm   <\/li>\n\n\n\n<li><a href=\"https:\/\/communio.pl\/?p=482\">Nr 83<\/a> &#8211; Sumienie   <\/li>\n\n\n\n<li><a href=\"https:\/\/communio.pl\/?p=479\">Nr 82<\/a> &#8211; Nowy Katechizm Katolicki   <\/li>\n\n\n\n<li><a href=\"https:\/\/communio.pl\/?p=476\">Nr 81<\/a> &#8211; Liturgia a \u017cycie   <\/li>\n\n\n\n<li><a href=\"https:\/\/communio.pl\/?p=473\">Nr 80<\/a> &#8211; Ekumenizm   <\/li>\n\n\n\n<li><a href=\"https:\/\/communio.pl\/?p=470\">Nr 79<\/a> &#8211; Imi\u0119 Boga   <\/li>\n\n\n\n<li><a href=\"https:\/\/communio.pl\/?p=467\">Nr 78<\/a> &#8211; Kobieta   <\/li>\n\n\n\n<li><a href=\"https:\/\/communio.pl\/?p=464\">Nr 77<\/a> &#8211; B\u0142ogos\u0142awieni mi\u0142osierni   <\/li>\n\n\n\n<li><a href=\"https:\/\/communio.pl\/?p=461\">Nr 76<\/a> &#8211; Ko\u015bcio\u0142y Wschodnie   <\/li>\n\n\n\n<li><a href=\"https:\/\/communio.pl\/?p=458\">Nr 75<\/a> &#8211; \u017bycie ludzkie   <\/li>\n\n\n\n<li><a href=\"https:\/\/communio.pl\/?p=455\">Nr 74<\/a> &#8211; Solidarno\u015b\u0107   <\/li>\n\n\n\n<li><a href=\"https:\/\/communio.pl\/?p=452\">Nr 73<\/a> &#8211; Dekalog   <\/li>\n\n\n\n<li><a href=\"https:\/\/communio.pl\/?p=449\">Nr 72<\/a> &#8211; Ekologia   <\/li>\n\n\n\n<li><a href=\"https:\/\/communio.pl\/?p=446\">Nr 71<\/a> &#8211; B\u0142ogos\u0142awieni cisi   <\/li>\n\n\n\n<li><a href=\"https:\/\/communio.pl\/?p=443\">Nr 70<\/a> &#8211; Islam   <\/li>\n\n\n\n<li><a href=\"https:\/\/communio.pl\/?p=440\">Nr 69<\/a> &#8211; Pedagogia chrze\u015bcija\u0144ska   <\/li>\n\n\n\n<li><a href=\"https:\/\/communio.pl\/?p=437\">Nr 68<\/a> &#8211; Bierzmowanie   <\/li>\n\n\n\n<li><a href=\"https:\/\/communio.pl\/?p=434\">Nr 67<\/a> &#8211; \u017bycie wieczne   <\/li>\n\n\n\n<li><a href=\"https:\/\/communio.pl\/?p=431\">Nr 66<\/a> &#8211; Pos\u0142uga Piotra w Ko\u015bciele   <\/li>\n\n\n\n<li><a href=\"https:\/\/communio.pl\/?p=428\">Nr 65<\/a> &#8211; B\u0142ogos\u0142awieni, kt\u00f3rzy p\u0142acz\u0105   <\/li>\n\n\n\n<li><a href=\"https:\/\/communio.pl\/?p=425\">Nr 64<\/a> &#8211; Grzech pierworodny   <\/li>\n\n\n\n<li><a href=\"https:\/\/communio.pl\/?p=422\">Nr 63<\/a> &#8211; Ko\u015bci\u00f3\u0142 a sekty   <\/li>\n\n\n\n<li><a href=\"https:\/\/communio.pl\/?p=419\">Nr 62<\/a> &#8211; Religia w szkole   <\/li>\n\n\n\n<li><a href=\"https:\/\/communio.pl\/?p=413\">Nr 61<\/a> &#8211; Zmartwychwstanie umar\u0142ych   <\/li>\n\n\n\n<li><a href=\"https:\/\/communio.pl\/?p=410\">Nr 60<\/a> &#8211; Chrze\u015bcija\u0144ska to\u017csamo\u015b\u0107 Europy   <\/li>\n\n\n\n<li><a href=\"https:\/\/communio.pl\/?p=403\">Nr 59<\/a> &#8211; B\u0142ogos\u0142awieni kt\u00f3rzy \u0142akn\u0105 sprawiedliwo\u015bci   <\/li>\n\n\n\n<li><a href=\"https:\/\/communio.pl\/?p=400\">Nr 58<\/a> &#8211; Misje   <\/li>\n\n\n\n<li><a href=\"https:\/\/communio.pl\/?p=391\">Nr 57<\/a> &#8211; B\u00f3g a z\u0142o   <\/li>\n\n\n\n<li><a href=\"https:\/\/communio.pl\/?p=388\">Nr 56<\/a> &#8211; Wyobra\u017ania religijna   <\/li>\n\n\n\n<li><a href=\"https:\/\/communio.pl\/?p=385\">Nr 55<\/a> &#8211; Grzech\u00f3w odpuszczenie   <\/li>\n\n\n\n<li><a href=\"https:\/\/communio.pl\/?p=382\">Nr 54<\/a> &#8211; Cuda   <\/li>\n\n\n\n<li><a href=\"https:\/\/communio.pl\/?p=379\">Nr 53<\/a> &#8211; B\u0142ogos\u0142awieni pok\u00f3j czyni\u0105cy   <\/li>\n\n\n\n<li><a href=\"https:\/\/communio.pl\/?p=376\">Nr 52<\/a> &#8211; Religie \u015bwiata a zbawienie   <\/li>\n\n\n\n<li><a href=\"https:\/\/communio.pl\/?p=373\">Nr 51<\/a> &#8211; Wsp\u00f3lnota \u015bwi\u0119tych   <\/li>\n<\/ul>\n\n\n\n<!--nextpage-->\n\n\n\n<ul>\n<li><a href=\"https:\/\/communio.pl\/?p=370\">Nr 50<\/a> &#8211; Cierpienie   <\/li>\n\n\n\n<li><a href=\"https:\/\/communio.pl\/?p=367\">Nr 49<\/a> &#8211; \u015awi\u0119ty Ko\u015bci\u00f3\u0142 Powszechny   <\/li>\n\n\n\n<li><a href=\"https:\/\/communio.pl\/?p=364\">Nr 48<\/a> &#8211; B\u0142ogos\u0142awieni czystego serca   <\/li>\n\n\n\n<li><a href=\"https:\/\/communio.pl\/?p=361\">Nr 47<\/a> &#8211; Jan Pawe\u0142 II   <\/li>\n\n\n\n<li><a href=\"https:\/\/communio.pl\/?p=358\">Nr 46<\/a> &#8211; Religie \u015bwiata a chrze\u015bcija\u0144stwo   <\/li>\n\n\n\n<li><a href=\"https:\/\/communio.pl\/?p=355\">Nr 45<\/a> &#8211; Na drogach wiary   <\/li>\n\n\n\n<li><a href=\"https:\/\/communio.pl\/?p=352\">Nr 44<\/a> &#8211; Jedno\u015b\u0107 Ko\u015bcio\u0142a   <\/li>\n\n\n\n<li><a href=\"https:\/\/communio.pl\/?p=349\">Nr 43<\/a> &#8211; Duch \u015awi\u0119ty   <\/li>\n\n\n\n<li><a href=\"https:\/\/communio.pl\/?p=346\">Nr 42<\/a> &#8211; Religijno\u015b\u0107 ludowa   <\/li>\n\n\n\n<li><a href=\"https:\/\/communio.pl\/?p=343\">Nr 41<\/a> &#8211; B\u0142ogos\u0142awieni prze\u015bladowani   <\/li>\n\n\n\n<li><a href=\"https:\/\/communio.pl\/?p=340\">Nr 40<\/a> &#8211; Cz\u0142owiek wobec prawdy   <\/li>\n\n\n\n<li><a href=\"https:\/\/communio.pl\/?p=337\">Nr 39<\/a> &#8211; \u015awieccy w Ko\u015bciele   <\/li>\n\n\n\n<li><a href=\"https:\/\/communio.pl\/?p=334\">Nr 38<\/a> &#8211; S\u0119dzia \u017cywych i umar\u0142ych   <\/li>\n\n\n\n<li><a href=\"https:\/\/communio.pl\/?p=331\">Nr 37<\/a> &#8211; Po prawicy Ojca   <\/li>\n\n\n\n<li><a href=\"https:\/\/communio.pl\/?p=328\">Nr 36<\/a> &#8211; Rodzina przysz\u0142o\u015bci   <\/li>\n\n\n\n<li><a href=\"https:\/\/communio.pl\/?p=325\">Nr 35<\/a> &#8211; B\u0142ogos\u0142awieni ubodzy   <\/li>\n\n\n\n<li><a href=\"https:\/\/communio.pl\/?p=322\">Nr 34<\/a> &#8211; Nowe rzeczywisto\u015bci ko\u015bcielne   ( 1 artyku\u0142 )<\/li>\n\n\n\n<li><a href=\"https:\/\/communio.pl\/?p=319\">Nr 33<\/a> &#8211; Jak czyta\u0107 Pismo \u015bwi\u0119te   <\/li>\n\n\n\n<li><a href=\"https:\/\/communio.pl\/?p=316\">Nr 32<\/a> &#8211; Kr\u00f3lestwo Bo\u017ce   <\/li>\n\n\n\n<li><a href=\"https:\/\/communio.pl\/?p=313\">Nr 31<\/a> &#8211; Wniebowst\u0105pienie Chrystusa   <\/li>\n\n\n\n<li><a href=\"https:\/\/communio.pl\/?p=309\">Nr 30<\/a> &#8211; Rady ewangeliczne   <\/li>\n\n\n\n<li><a href=\"https:\/\/communio.pl\/?p=306\">Nr 29<\/a> &#8211; To\u017csamo\u015b\u0107 chrze\u015bcija\u0144ska   <\/li>\n\n\n\n<li><a href=\"https:\/\/communio.pl\/?p=303\">Nr 28<\/a> &#8211; Modlitwa   <\/li>\n\n\n\n<li><a href=\"https:\/\/communio.pl\/?p=299\">Nr 27<\/a> &#8211; By\u0107 dzieckiem   <\/li>\n\n\n\n<li><a href=\"https:\/\/communio.pl\/?p=296\">Nr 26<\/a> &#8211; Zmartwychwstanie Chrystusa   <\/li>\n\n\n\n<li><a href=\"https:\/\/communio.pl\/?p=293\">Nr 25<\/a> &#8211; Zst\u0105pi\u0142 do piekie\u0142   <\/li>\n\n\n\n<li><a href=\"https:\/\/communio.pl\/?p=290\">Nr 24<\/a> &#8211; Biologia i moralno\u015b\u0107   <\/li>\n\n\n\n<li><a href=\"https:\/\/communio.pl\/?p=287\">Nr 23<\/a> &#8211; Grzech i przebaczenie   <\/li>\n\n\n\n<li><a href=\"https:\/\/communio.pl\/?p=284\">Nr 22<\/a> &#8211; Nadzieja i eschatologia   <\/li>\n\n\n\n<li><a href=\"https:\/\/communio.pl\/?p=281\">Nr 21<\/a> &#8211; Chrze\u015bcijanin a w\u0142adza   <\/li>\n\n\n\n<li><a href=\"https:\/\/communio.pl\/?p=278\">Nr 20<\/a> &#8211; Praca   <\/li>\n\n\n\n<li><a href=\"https:\/\/communio.pl\/?p=275\">Nr 19<\/a> &#8211; Krzy\u017c Chrystusa   <\/li>\n\n\n\n<li><a href=\"https:\/\/communio.pl\/?p=272\">Nr 18<\/a> &#8211; Kryzys   <\/li>\n\n\n\n<li><a href=\"https:\/\/communio.pl\/?p=269\">Nr 17<\/a> &#8211; Maryja, Matka Chrystusa   <\/li>\n\n\n\n<li><a href=\"https:\/\/communio.pl\/?p=266\">Nr 16<\/a> &#8211; M\u0142odzi   <\/li>\n\n\n\n<li><a href=\"https:\/\/communio.pl\/?p=263\">Nr 15<\/a> &#8211; Jezus Chrystus   <\/li>\n\n\n\n<li><a href=\"https:\/\/communio.pl\/?p=260\">Nr 14<\/a> &#8211; Pluralizm   <\/li>\n\n\n\n<li><a href=\"https:\/\/communio.pl\/?p=257\">Nr 13<\/a> &#8211; Katecheza   <\/li>\n\n\n\n<li><a href=\"https:\/\/communio.pl\/?p=254\">Nr 12<\/a> &#8211; Ewangelizacja   <\/li>\n\n\n\n<li><a href=\"https:\/\/communio.pl\/?p=251\">Nr 11<\/a> &#8211; Wychowanie chrze\u015bcija\u0144skie   <\/li>\n\n\n\n<li><a href=\"https:\/\/communio.pl\/?p=248\">Nr 10<\/a> &#8211; Stw\u00f3rca nieba i ziemi   <\/li>\n\n\n\n<li><a href=\"https:\/\/communio.pl\/?p=245\">Nr 9<\/a> &#8211; Niedziela   <\/li>\n\n\n\n<li><a href=\"https:\/\/communio.pl\/?p=242\">Nr 8<\/a> &#8211; Osoba ludzka   <\/li>\n\n\n\n<li><a href=\"https:\/\/communio.pl\/?p=238\">Nr 7<\/a> &#8211; B\u00f3g Ojciec   <\/li>\n\n\n\n<li><a href=\"https:\/\/communio.pl\/?p=235\">Nr 6<\/a> &#8211; Apostolstwo ludzi \u015bwieckich   <\/li>\n\n\n\n<li><a href=\"https:\/\/communio.pl\/?p=232\">Nr 5<\/a> &#8211; Ma\u0142\u017ce\u0144stwo i rodzina   <\/li>\n\n\n\n<li><a href=\"https:\/\/communio.pl\/?p=229\">Nr 4<\/a> &#8211; Wierzy\u0107 dzisiaj   <\/li>\n\n\n\n<li><a href=\"https:\/\/communio.pl\/?p=226\">Nr 3<\/a> &#8211; Podstawy etyki spo\u0142ecznej   <\/li>\n\n\n\n<li><a href=\"https:\/\/communio.pl\/?p=223\">Nr 1-2<\/a> &#8211; Mi\u0142osierdzie a sprawiedliwo\u015b\u0107   <\/li>\n\n\n\n<li><a href=\"https:\/\/communio.pl\/?p=220\">Nr Specjalny<\/a> &#8211; 25 lat Communio w Polsce   <\/li>\n<\/ul>\n\n\n\n<p><\/p>\n","protected":false},"excerpt":{"rendered":"","protected":false},"author":1,"featured_media":0,"parent":0,"menu_order":0,"comment_status":"closed","ping_status":"closed","template":"","meta":[],"_links":{"self":[{"href":"https:\/\/communio.pl\/index.php?rest_route=\/wp\/v2\/pages\/205"}],"collection":[{"href":"https:\/\/communio.pl\/index.php?rest_route=\/wp\/v2\/pages"}],"about":[{"href":"https:\/\/communio.pl\/index.php?rest_route=\/wp\/v2\/types\/page"}],"author":[{"embeddable":true,"href":"https:\/\/communio.pl\/index.php?rest_route=\/wp\/v2\/users\/1"}],"replies":[{"embeddable":true,"href":"https:\/\/communio.pl\/index.php?rest_route=%2Fwp%2Fv2%2Fcomments&post=205"}],"version-history":[{"count":50,"href":"https:\/\/communio.pl\/index.php?rest_route=\/wp\/v2\/pages\/205\/revisions"}],"predecessor-version":[{"id":2182,"href":"https:\/\/communio.pl\/index.php?rest_route=\/wp\/v2\/pages\/205\/revisions\/2182"}],"wp:attachment":[{"href":"https:\/\/communio.pl\/index.php?rest_route=%2Fwp%2Fv2%2Fmedia&parent=205"}],"curies":[{"name":"wp","href":"https:\/\/api.w.org\/{rel}","templated":true}]}}