{"id":196,"date":"2019-01-22T14:12:23","date_gmt":"2019-01-22T14:12:23","guid":{"rendered":"http:\/\/communio.pl\/?page_id=196"},"modified":"2021-04-23T23:22:25","modified_gmt":"2021-04-23T23:22:25","slug":"zespol-redakcyjny-communio","status":"publish","type":"page","link":"https:\/\/communio.pl\/?page_id=196","title":{"rendered":"Zesp\u00f3\u0142 redakcyjny Communio"},"content":{"rendered":"\n<ul><li>ks. dr hab. Jaros\u0142aw M. Lipniak (redaktor naczelny, pallotti@poczta.onet.pl), TEL. +48 601 429 902<\/li><li>ks. dr hab. S\u0142awomir Paw\u0142owski SAC (zast\u0119pca redaktora naczelnego, pawlow@kul.pl), <\/li><li>ks. prof. dr hab. Bogdan Ferdek, <\/li><li>ks. dr hab. Cezary Smuniewski (redaktorzy tematyczni), <\/li><li>dr Pawe\u0142 Beyga (sekretarz redakcji), <\/li><li>ks. mgr lic. Andrzej Pi\u0119tka SAC (redaktor polskiego wydania)<\/li><\/ul>\n","protected":false},"excerpt":{"rendered":"<p>ks. dr hab. Jaros\u0142aw M. Lipniak (redaktor naczelny, pallotti@poczta.onet.pl), TEL. +48 601 429 902 ks. dr hab. S\u0142awomir Paw\u0142owski SAC (zast\u0119pca redaktora naczelnego, pawlow@kul.pl), ks. prof. dr hab. Bogdan Ferdek, ks. dr hab. Cezary Smuniewski (redaktorzy tematyczni), dr Pawe\u0142 Beyga (sekretarz redakcji), ks. mgr lic. Andrzej Pi\u0119tka SAC (redaktor polskiego wydania)<\/p>\n","protected":false},"author":1,"featured_media":0,"parent":0,"menu_order":0,"comment_status":"closed","ping_status":"closed","template":"","meta":[],"_links":{"self":[{"href":"https:\/\/communio.pl\/index.php?rest_route=\/wp\/v2\/pages\/196"}],"collection":[{"href":"https:\/\/communio.pl\/index.php?rest_route=\/wp\/v2\/pages"}],"about":[{"href":"https:\/\/communio.pl\/index.php?rest_route=\/wp\/v2\/types\/page"}],"author":[{"embeddable":true,"href":"https:\/\/communio.pl\/index.php?rest_route=\/wp\/v2\/users\/1"}],"replies":[{"embeddable":true,"href":"https:\/\/communio.pl\/index.php?rest_route=%2Fwp%2Fv2%2Fcomments&post=196"}],"version-history":[{"count":1,"href":"https:\/\/communio.pl\/index.php?rest_route=\/wp\/v2\/pages\/196\/revisions"}],"predecessor-version":[{"id":1658,"href":"https:\/\/communio.pl\/index.php?rest_route=\/wp\/v2\/pages\/196\/revisions\/1658"}],"wp:attachment":[{"href":"https:\/\/communio.pl\/index.php?rest_route=%2Fwp%2Fv2%2Fmedia&parent=196"}],"curies":[{"name":"wp","href":"https:\/\/api.w.org\/{rel}","templated":true}]}}