{"id":11,"date":"2019-01-18T06:41:17","date_gmt":"2019-01-18T06:41:17","guid":{"rendered":"http:\/\/communio.pl\/?page_id=9"},"modified":"2023-02-17T11:06:00","modified_gmt":"2023-02-17T11:06:00","slug":"prenumerata","status":"publish","type":"page","link":"https:\/\/communio.pl\/?page_id=11","title":{"rendered":"Prenumerata"},"content":{"rendered":"\n<h2>Spos\u00f3b i warunki nabywania Communio<\/h2>\n\n\n\n<p>Kwartalnik Communio (<span class=\"has-inline-color has-dark-red-color\">ISSN 0208-7995<\/span>) mo\u017cna nabywa\u0107 bezpo\u015brednio w Wydawnictwie Pallottinum, albo w ksi\u0119garniach katolickich, b\u0105d\u017a w punktach kolporta\u017cu, kt\u00f3re s\u0105 prowadzone przy instytutach kszta\u0142cenia teologicznego. Cena poszczeg\u00f3lnego numeru wynosi w 2012 roku \u2013 16,00 z\u0142 (z VAT).\u00a0<\/p>\n\n\n\n<p><strong>Prenumeratorom proponujemy bardzo korzystn\u0105 cen\u0119 specjaln\u0105 \u2013 10,00 z\u0142.<\/strong><\/p>\n\n\n\n<p>Naj\u0142atwiej i pewnie mo\u017cna zawsze naby\u0107 Communio w prenumeracie redakcyjnej. Je\u015bli kto\u015b z Czytelnik\u00f3w zechce naby\u0107 Communio bezpo\u015brednio w Wydawnictwie, prosimy, aby wp\u0142aci\u0142 nale\u017cno\u015b\u0107 za prenumerat\u0119 w 2012 roku:<br><\/p>\n\n\n\n<ul><li>ca\u0142oroczn\u0105 \u2013 44,00 z\u0142,<\/li><li>p\u00f3\u0142roczn\u0105 \u2013 22,00 z\u0142<br><\/li><\/ul>\n\n\n\n<p>na konto:<\/p>\n\n\n\n<p>Pallottinum Wydawnictwo Stowarzyszenia Apostolstwa Katolickiego<br>ul. Przybyszewskiego 30, 60-959 Pozna\u0144<br><br>Bank: PKO SA,<br>Konto: 91 1240 1747 1111 0010 2925 8885<\/p>\n\n\n\n<p><strong>z zaznaczeniem na dowodzie wp\u0142aty:<\/strong><br><\/p>\n\n\n\n<ul><li>okresu prenumeraty<\/li><li>pe\u0142nych danych adresowych.<br><\/li><\/ul>\n\n\n\n<p>Prenumerat\u0119 mo\u017cna rozpocz\u0105\u0107 w dowolnym okresie.<br>W cenie prenumeraty Communio mieszcz\u0105 si\u0119 koszty wysy\u0142ki.<\/p>\n\n\n\n<p>Serdecznie prosimy Pa\u0144stwa o podawanie kompletnych i czytelnych adres\u00f3w oraz o informowanie Wydawnictwa o ka\u017cdorazowej zmianie miejsca zamieszkania i o zmianach w sposobie realizacji prenumeraty, je\u015bli takie maj\u0105 miejsce.<\/p>\n\n\n\n<p><strong>\ufeffZapraszamy do prenumeraty!!!<\/strong><\/p>\n","protected":false},"excerpt":{"rendered":"<p>Spos\u00f3b i warunki nabywania Communio Kwartalnik Communio (ISSN 0208-7995) mo\u017cna nabywa\u0107 bezpo\u015brednio w Wydawnictwie Pallottinum, albo w ksi\u0119garniach katolickich, b\u0105d\u017a w punktach kolporta\u017cu, kt\u00f3re s\u0105 prowadzone przy instytutach kszta\u0142cenia teologicznego. Cena poszczeg\u00f3lnego numeru wynosi w 2012 roku \u2013 16,00 z\u0142 (z VAT).\u00a0 Prenumeratorom proponujemy bardzo korzystn\u0105 cen\u0119 specjaln\u0105 \u2013 10,00 z\u0142. Naj\u0142atwiej i pewnie mo\u017cna &hellip; <a href=\"https:\/\/communio.pl\/?page_id=11\" class=\"more-link\">Czytaj dalej<span class=\"screen-reader-text\"> Prenumerata<\/span><\/a><\/p>\n","protected":false},"author":1,"featured_media":0,"parent":0,"menu_order":0,"comment_status":"closed","ping_status":"closed","template":"","meta":[],"_links":{"self":[{"href":"https:\/\/communio.pl\/index.php?rest_route=\/wp\/v2\/pages\/11"}],"collection":[{"href":"https:\/\/communio.pl\/index.php?rest_route=\/wp\/v2\/pages"}],"about":[{"href":"https:\/\/communio.pl\/index.php?rest_route=\/wp\/v2\/types\/page"}],"author":[{"embeddable":true,"href":"https:\/\/communio.pl\/index.php?rest_route=\/wp\/v2\/users\/1"}],"replies":[{"embeddable":true,"href":"https:\/\/communio.pl\/index.php?rest_route=%2Fwp%2Fv2%2Fcomments&post=11"}],"version-history":[{"count":2,"href":"https:\/\/communio.pl\/index.php?rest_route=\/wp\/v2\/pages\/11\/revisions"}],"predecessor-version":[{"id":1860,"href":"https:\/\/communio.pl\/index.php?rest_route=\/wp\/v2\/pages\/11\/revisions\/1860"}],"wp:attachment":[{"href":"https:\/\/communio.pl\/index.php?rest_route=%2Fwp%2Fv2%2Fmedia&parent=11"}],"curies":[{"name":"wp","href":"https:\/\/api.w.org\/{rel}","templated":true}]}}