{"id":1050,"date":"2019-01-29T13:32:01","date_gmt":"2019-01-29T13:32:01","guid":{"rendered":"http:\/\/communio.pl\/?page_id=1050"},"modified":"2019-01-29T13:32:01","modified_gmt":"2019-01-29T13:32:01","slug":"amateca","status":"publish","type":"page","link":"https:\/\/communio.pl\/?page_id=1050","title":{"rendered":"W ostatnim numerze Amateca:"},"content":{"rendered":"\n<h2>(Nr 22) <\/h2>\n\n\n\n<h2>Cz\u0142owiek w poszukiwaniu Boga. Zagadnienia filozoficzne. <\/h2>\n\n\n\n<ul><li>Dystans dziel\u0105cy ludzkie my\u015blenie o Bogu od rzeczywisto\u015bci Boga w filozofii Platona<\/li><li>Fenomenologia innego jako t\u0142o filozoficznego m\u00f3wienia o Bogu u Emmanuela Levinasa<\/li><li>Krytyczna prezentacja kilku przyk\u0142adowych form ateizmu<\/li><li>Krytyka metafizyki Immanuela Kanta i bezbo\u017cne my\u015blenie Martina Heideggera jako drogowskazy koniecznego zadania<\/li><li>Poszukiwana w pytaniu o Boga rzeczywisto\u015b\u0107 jako punkt wyj\u015bcia metody analogicznego wyk\u0142adu o Bogu<\/li><li>Pr\u00f3ba systematycznego wyja\u015bnienia istoty problemu Boga<\/li><li>Problem pytania o przymioty i o istot\u0119 Boga<\/li><li>Przedstawienie najwa\u017cniejszych odziedziczonych dr\u00f3g do filozoficznego wykazania istnienia Boga<\/li><li>Sens wypracowania dowod\u00f3w na istnienie Boga i modalny charakter mo\u017cliwych rezultat\u00f3w<\/li><li>To\u017csamo\u015b\u0107 pytaj\u0105cego i metafizyczna sk\u0142onno\u015b\u0107 ludzkiej natury.<\/li><li>Transcenduj\u0105ce my\u015blenie a filozoficzne pytanie o Boga<\/li><li>Zasadno\u015b\u0107 podstaw negacji istnienia Boga i jego dowodliwo\u015b\u0107<\/li><li>\u015awiadomo\u015b\u0107 niepojmowalno\u015bci Boga na drogach poszukiwania Boga u Augustyna i Kuza\u0144czyka<\/li><li>\u015awiadomo\u015b\u0107 rozdarcia mi\u0119dzy bogiem my\u015bli a bogiem do\u015bwiadczenia u B\u0142a\u017ceja Pascala<\/li><li>\u0179r\u00f3d\u0142a problemu Boga w prze\u017cyciu i trwa\u0142a problematyczno\u015b\u0107 ich tre\u015bci<\/li><\/ul>\n","protected":false},"excerpt":{"rendered":"<p>(Nr 22) Cz\u0142owiek w poszukiwaniu Boga. Zagadnienia filozoficzne. Dystans dziel\u0105cy ludzkie my\u015blenie o Bogu od rzeczywisto\u015bci Boga w filozofii Platona Fenomenologia innego jako t\u0142o filozoficznego m\u00f3wienia o Bogu u Emmanuela Levinasa Krytyczna prezentacja kilku przyk\u0142adowych form ateizmu Krytyka metafizyki Immanuela Kanta i bezbo\u017cne my\u015blenie Martina Heideggera jako drogowskazy koniecznego zadania Poszukiwana w pytaniu o Boga &hellip; <a href=\"https:\/\/communio.pl\/?page_id=1050\" class=\"more-link\">Czytaj dalej<span class=\"screen-reader-text\"> W ostatnim numerze Amateca:<\/span><\/a><\/p>\n","protected":false},"author":1,"featured_media":0,"parent":0,"menu_order":0,"comment_status":"closed","ping_status":"closed","template":"","meta":[],"_links":{"self":[{"href":"https:\/\/communio.pl\/index.php?rest_route=\/wp\/v2\/pages\/1050"}],"collection":[{"href":"https:\/\/communio.pl\/index.php?rest_route=\/wp\/v2\/pages"}],"about":[{"href":"https:\/\/communio.pl\/index.php?rest_route=\/wp\/v2\/types\/page"}],"author":[{"embeddable":true,"href":"https:\/\/communio.pl\/index.php?rest_route=\/wp\/v2\/users\/1"}],"replies":[{"embeddable":true,"href":"https:\/\/communio.pl\/index.php?rest_route=%2Fwp%2Fv2%2Fcomments&post=1050"}],"version-history":[{"count":0,"href":"https:\/\/communio.pl\/index.php?rest_route=\/wp\/v2\/pages\/1050\/revisions"}],"wp:attachment":[{"href":"https:\/\/communio.pl\/index.php?rest_route=%2Fwp%2Fv2%2Fmedia&parent=1050"}],"curies":[{"name":"wp","href":"https:\/\/api.w.org\/{rel}","templated":true}]}}